{"id":1569,"date":"2022-05-06T15:27:42","date_gmt":"2022-05-06T13:27:42","guid":{"rendered":"https:\/\/www.printempscoreen.com\/?page_id=1569"},"modified":"2026-04-15T09:16:18","modified_gmt":"2026-04-15T07:16:18","slug":"k-pop-world-festival-3","status":"publish","type":"page","link":"https:\/\/www.printempscoreen.com\/KO\/k-pop-world-festival-3\/","title":{"rendered":"K-"},"content":{"rendered":"<p><\/a><\/div>\r\n<span class=\"eventdates\"><span class=\"eventj\">16<\/span> <span class=\"eventm\">May<\/span> <span class=\"eventa\">2026<\/span><\/span> <span class=\"eventheures\">13:30<\/span><br \/>\r\n<span class=\"eventville\">Nantes<\/span> <span class=\"eventrue\"><a href=\"https:\/\/www.printempscoreen.com\/KO\/locations\/espace-international-cosmopolis\/\"><\/a><\/span>\r\n\t<ul class=\"event-categories\">\r\n\t\t\t\t\t<li><a href=\"https:\/\/www.printempscoreen.com\/KO\/events\/categories\/2026\/\">2026<\/a><\/li>\r\n\t\t\t\t\t<li><a href=\"https:\/\/www.printempscoreen.com\/KO\/events\/categories\/2026\/ateliers-2026\/\">Ateliers<\/a><\/li>\r\n\t\t\t<\/ul>\r\n\t\r\n<div style=\"clear:both;\"><\/div>\r\n<\/div><\/div><div class=\"eventgrille\"  style=\"background: #000 url('https:\/\/www.printempscoreen.com\/wp-content\/uploads\/2026\/04\/hangeul.jpg') no-repeat; background-size: cover;\">\r\n<div class=\"eventinfo\">\r\n<div class=\"eventlien\"><a href=\"https:\/\/www.printempscoreen.com\/KO\/events\/atelier-hangeul-avec-lecole-coreenne-2\/\"><\/a><\/div>\r\n<span class=\"eventdates\"><span class=\"eventj\">16<\/span> <span class=\"eventm\">May<\/span> <span class=\"eventa\">2026<\/span><\/span> <span class=\"eventheures\">14:30<\/span><br \/>\r\n<span class=\"eventville\">Nantes<\/span> <span class=\"eventrue\"><a href=\"https:\/\/www.printempscoreen.com\/KO\/locations\/espace-international-cosmopolis\/\"><\/a><\/span>\r\n\t<ul class=\"event-categories\">\r\n\t\t\t\t\t<li><a href=\"https:\/\/www.printempscoreen.com\/KO\/events\/categories\/2026\/\">2026<\/a><\/li>\r\n\t\t\t\t\t<li><a href=\"https:\/\/www.printempscoreen.com\/KO\/events\/categories\/2026\/ateliers-2026\/\">Ateliers<\/a><\/li>\r\n\t\t\t<\/ul>\r\n\t\r\n<div style=\"clear:both;\"><\/div>\r\n<\/div><\/div><div class=\"eventgrille\"  style=\"background: #000 url('https:\/\/www.printempscoreen.com\/wp-content\/uploads\/2026\/04\/140_logos_FR_White_Horizontal_CF.png') no-repeat; background-size: cover;\">\r\n<div class=\"eventinfo\">\r\n<div class=\"eventlien\"><a href=\"https:\/\/www.printempscoreen.com\/KO\/events\/rencontre-avec-pierre-emmanuel-roux-et-stephanie-bouillet-atelier-des-cahiers\/\">H\u00e9ritages de la musique traditionnelle cor\u00e9enne  du XVI\u00e8 au XX\u00e8<\/a><\/div>\r\n<span class=\"eventdates\"><span class=\"eventj\">16<\/span> <span class=\"eventm\">May<\/span> <span class=\"eventa\">2026<\/span><\/span> <span class=\"eventheures\">16:00<\/span><br \/>\r\n<span class=\"eventville\">Nantes<\/span> <span class=\"eventrue\"><a href=\"https:\/\/www.printempscoreen.com\/KO\/locations\/espace-international-cosmopolis\/\"><\/a><\/span>\r\n\t<ul class=\"event-categories\">\r\n\t\t\t\t\t<li><a href=\"https:\/\/www.printempscoreen.com\/KO\/events\/categories\/2026\/\">2026<\/a><\/li>\r\n\t\t\t\t\t<li><a href=\"https:\/\/www.printempscoreen.com\/KO\/events\/categories\/2026\/rencontre-2026\/\">Rencontre<\/a><\/li>\r\n\t\t\t<\/ul>\r\n\t\r\n<div style=\"clear:both;\"><\/div>\r\n<\/div><\/div><div class=\"eventgrille\"  style=\"background: #000 url('https:\/\/www.printempscoreen.com\/wp-content\/uploads\/2026\/04\/10_Kimchi-ready-scaled.jpg') no-repeat; background-size: cover;\">\r\n<div class=\"eventinfo\">\r\n<div class=\"eventlien\"><a href=\"https:\/\/www.printempscoreen.com\/KO\/events\/atelier-culinaire-atelier-kimchi\/\"><\/a><\/div>\r\n<span class=\"eventdates\"><span class=\"eventj\">17<\/span> <span class=\"eventm\">May<\/span> <span class=\"eventa\">2026<\/span><\/span> <span class=\"eventheures\">10:00<\/span><br \/>\r\n<span class=\"eventville\">Nantes<\/span> <span class=\"eventrue\"><a href=\"https:\/\/www.printempscoreen.com\/KO\/locations\/espace-international-cosmopolis\/\"><\/a><\/span>\r\n\t<ul class=\"event-categories\">\r\n\t\t\t\t\t<li><a href=\"https:\/\/www.printempscoreen.com\/KO\/events\/categories\/2026\/\">2026<\/a><\/li>\r\n\t\t\t\t\t<li><a href=\"https:\/\/www.printempscoreen.com\/KO\/events\/categories\/2026\/art-culinaire\/\">Art culinaire<\/a><\/li>\r\n\t\t\t\t\t<li><a href=\"https:\/\/www.printempscoreen.com\/KO\/events\/categories\/2026\/ateliers-2026\/\">Ateliers<\/a><\/li>\r\n\t\t\t<\/ul>\r\n\t\r\n<div style=\"clear:both;\"><\/div>\r\n<\/div><\/div><div class=\"eventgrille\"  style=\"background: #000 url('https:\/\/www.printempscoreen.com\/wp-content\/uploads\/2025\/01\/ArchitectA_3-scaled.jpg') no-repeat; background-size: cover;\">\r\n<div class=\"eventinfo\">\r\n<div class=\"eventlien\"><a href=\"https:\/\/www.printempscoreen.com\/KO\/events\/cine-concert-la-nuit-etoilee-un-jardin-pres-de-la-fenetre-et-architect-a-2\/\"><\/a><\/div>\r\n<span class=\"eventdates\"><span class=\"eventj\">17<\/span> <span class=\"eventm\">May<\/span> <span class=\"eventa\">2026<\/span><\/span> <span class=\"eventheures\">17:00<\/span><br \/>\r\n<span class=\"eventville\">Nantes<\/span> <span class=\"eventrue\"><a href=\"https:\/\/www.printempscoreen.com\/KO\/locations\/espace-international-cosmopolis\/\"><\/a><\/span>\r\n\t<ul class=\"event-categories\">\r\n\t\t\t\t\t<li><a href=\"https:\/\/www.printempscoreen.com\/KO\/events\/categories\/2026\/\">2026<\/a><\/li>\r\n\t\t\t\t\t<li><a href=\"https:\/\/www.printempscoreen.com\/KO\/events\/categories\/2026\/cinema-2026\/\">Cin\u00e9ma<\/a><\/li>\r\n\t\t\t<\/ul>\r\n\t\r\n<div style=\"clear:both;\"><\/div>\r\n<\/div><\/div><div class=\"eventgrille\"  style=\"background: #000 url('https:\/\/www.printempscoreen.com\/wp-content\/uploads\/2026\/04\/Bando-studio.jpg') no-repeat; background-size: cover;\">\r\n<div class=\"eventinfo\">\r\n<div class=\"eventlien\"><a href=\"https:\/\/www.printempscoreen.com\/KO\/events\/bando\/\"><\/a><\/div>\r\n<span class=\"eventdates\"><span class=\"eventj\">18<\/span> <span class=\"eventm\">May<\/span> <span class=\"eventa\">2026<\/span><\/span> <span class=\"eventheures\">21:00<\/span><br \/>\r\n\r\n\t<ul class=\"event-categories\">\r\n\t\t\t\t\t<li><a href=\"https:\/\/www.printempscoreen.com\/KO\/events\/categories\/2026\/\">2026<\/a><\/li>\r\n\t\t\t\t\t<li><a href=\"https:\/\/www.printempscoreen.com\/KO\/events\/categories\/2026\/concert-2026\/\">concert<\/a><\/li>\r\n\t\t\t<\/ul>\r\n\t\r\n<div style=\"clear:both;\"><\/div>\r\n<\/div><\/div><div class=\"eventgrille\"  style=\"background: #000 url('https:\/\/www.printempscoreen.com\/wp-content\/uploads\/2026\/04\/Lee-k-dance-\ud478\ub2e5\uac70\ub9ac-\u24d2\uc625\uc0c1\ud6c8-5.jpg') no-repeat; background-size: cover;\">\r\n<div class=\"eventinfo\">\r\n<div class=\"eventlien\"><a href=\"https:\/\/www.printempscoreen.com\/KO\/events\/lee-k-dance-avec-lee-kyung-eun-gala-layers-chunmong-spring-dream\/\"><\/a><\/div>\r\n<span class=\"eventdates\"><span class=\"eventj\">20<\/span> <span class=\"eventm\">May<\/span> <span class=\"eventa\">2026<\/span><\/span> <span class=\"eventheures\">20:00<\/span><br \/>\r\n<span class=\"eventville\">Nantes<\/span> <span class=\"eventrue\"><a href=\"https:\/\/www.printempscoreen.com\/KO\/locations\/espace-international-cosmopolis\/\"><\/a><\/span>\r\n\t<ul class=\"event-categories\">\r\n\t\t\t\t\t<li><a href=\"https:\/\/www.printempscoreen.com\/KO\/events\/categories\/2026\/\">2026<\/a><\/li>\r\n\t\t\t\t\t<li><a href=\"https:\/\/www.printempscoreen.com\/KO\/events\/categories\/2026\/danse-2026\/\">danse<\/a><\/li>\r\n\t\t\t<\/ul>\r\n\t\r\n<div style=\"clear:both;\"><\/div>\r\n<\/div><\/div><div class=\"eventgrille\"  style=\"background: #000 url('https:\/\/www.printempscoreen.com\/wp-content\/uploads\/2026\/04\/Lee-k-dance-\ud478\ub2e5\uac70\ub9ac-\u24d2\uc625\uc0c1\ud6c8-5.jpg') no-repeat; background-size: cover;\">\r\n<div class=\"eventinfo\">\r\n<div class=\"eventlien\"><a href=\"https:\/\/www.printempscoreen.com\/KO\/events\/lee-k-dance-avec-lee-kyung-eun-gala-layers-chunmong-spring-dream-2\/\"><\/a><\/div>\r\n<span class=\"eventdates\"><span class=\"eventj\">22<\/span> <span class=\"eventm\">May<\/span> <span class=\"eventa\">2026<\/span><\/span> <span class=\"eventheures\">20:00<\/span><br \/>\r\n<span class=\"eventville\">Nantes<\/span> <span class=\"eventrue\"><a href=\"https:\/\/www.printempscoreen.com\/KO\/locations\/espace-international-cosmopolis\/\"><\/a><\/span>\r\n\t<ul class=\"event-categories\">\r\n\t\t\t\t\t<li><a href=\"https:\/\/www.printempscoreen.com\/KO\/events\/categories\/2026\/\">2026<\/a><\/li>\r\n\t\t\t\t\t<li><a href=\"https:\/\/www.printempscoreen.com\/KO\/events\/categories\/2026\/danse-2026\/\">danse<\/a><\/li>\r\n\t\t\t<\/ul>\r\n\t\r\n<div style=\"clear:both;\"><\/div>\r\n<\/div><\/div><div class=\"eventgrille\"  style=\"background: #000 url('https:\/\/www.printempscoreen.com\/wp-content\/uploads\/2026\/04\/dancheong-templa.jpg') no-repeat; background-size: cover;\">\r\n<div class=\"eventinfo\">\r\n<div class=\"eventlien\"><a href=\"https:\/\/www.printempscoreen.com\/KO\/events\/couleurs-de-chance-le-lotus-en-dancheong\/\"><\/a><\/div>\r\n<span class=\"eventdates\"><span class=\"eventj\">23<\/span> <span class=\"eventm\">May<\/span> <span class=\"eventa\">2026<\/span><\/span> <span class=\"eventheures\">10:30<\/span><br \/>\r\n<span class=\"eventville\">Nantes<\/span> <span class=\"eventrue\"><a href=\"https:\/\/www.printempscoreen.com\/KO\/locations\/espace-international-cosmopolis\/\"><\/a><\/span>\r\n\t<ul class=\"event-categories\">\r\n\t\t\t\t\t<li><a href=\"https:\/\/www.printempscoreen.com\/KO\/events\/categories\/2026\/\">2026<\/a><\/li>\r\n\t\t\t\t\t<li><a href=\"https:\/\/www.printempscoreen.com\/KO\/events\/categories\/2026\/arts-plastiques\/\">Arts-Plastiques<\/a><\/li>\r\n\t\t\t\t\t<li><a href=\"https:\/\/www.printempscoreen.com\/KO\/events\/categories\/2026\/ateliers-2026\/\">Ateliers<\/a><\/li>\r\n\t\t\t<\/ul>\r\n\t\r\n<div style=\"clear:both;\"><\/div>\r\n<\/div><\/div><div class=\"eventgrille\"  style=\"background: #000 url('https:\/\/www.printempscoreen.com\/wp-content\/uploads\/2026\/04\/Dahye-YUM-graph-1.png') no-repeat; background-size: cover;\">\r\n<div class=\"eventinfo\">\r\n<div class=\"eventlien\"><a href=\"https:\/\/www.printempscoreen.com\/KO\/events\/atelier-creatif-mon-prenom-avec-hangeul\/\"><\/a><\/div>\r\n<span class=\"eventdates\"><span class=\"eventj\">23<\/span> <span class=\"eventm\">May<\/span> <span class=\"eventa\">2026<\/span><\/span> <span class=\"eventheures\">11:00<\/span><br \/>\r\n<span class=\"eventville\">Nantes<\/span> <span class=\"eventrue\"><a href=\"https:\/\/www.printempscoreen.com\/KO\/locations\/espace-international-cosmopolis\/\"><\/a><\/span>\r\n\t<ul class=\"event-categories\">\r\n\t\t\t\t\t<li><a href=\"https:\/\/www.printempscoreen.com\/KO\/events\/categories\/2026\/\">2026<\/a><\/li>\r\n\t\t\t\t\t<li><a href=\"https:\/\/www.printempscoreen.com\/KO\/events\/categories\/2026\/arts-plastiques\/\">Arts-Plastiques<\/a><\/li>\r\n\t\t\t\t\t<li><a href=\"https:\/\/www.printempscoreen.com\/KO\/events\/categories\/2026\/ateliers-2026\/\">Ateliers<\/a><\/li>\r\n\t\t\t<\/ul>\r\n\t\r\n<div style=\"clear:both;\"><\/div>\r\n<\/div><\/div><div class=\"eventgrille\"  style=\"background: #000 url('https:\/\/www.printempscoreen.com\/wp-content\/uploads\/2026\/04\/Kim-Miyoung-ouevre-1.jpg') no-repeat; background-size: cover;\">\r\n<div class=\"eventinfo\">\r\n<div class=\"eventlien\"><a href=\"https:\/\/www.printempscoreen.com\/KO\/events\/tigre-et-la-pie-sur-un-eventail-avec-arum-han-ouli-kim\/\"><\/a><\/div>\r\n<span class=\"eventdates\"><span class=\"eventj\">24<\/span> <span class=\"eventm\">May<\/span> <span class=\"eventa\">2026<\/span><\/span> <span class=\"eventheures\">11:00<\/span><br \/>\r\n<span class=\"eventville\">Nantes<\/span> <span class=\"eventrue\"><a href=\"https:\/\/www.printempscoreen.com\/KO\/locations\/espace-international-cosmopolis\/\"><\/a><\/span>\r\n\t<ul class=\"event-categories\">\r\n\t\t\t\t\t<li><a href=\"https:\/\/www.printempscoreen.com\/KO\/events\/categories\/2026\/\">2026<\/a><\/li>\r\n\t\t\t\t\t<li><a href=\"https:\/\/www.printempscoreen.com\/KO\/events\/categories\/2026\/arts-plastiques\/\">Arts-Plastiques<\/a><\/li>\r\n\t\t\t\t\t<li><a href=\"https:\/\/www.printempscoreen.com\/KO\/events\/categories\/2026\/ateliers-2026\/\">Ateliers<\/a><\/li>\r\n\t\t\t<\/ul>\r\n\t\r\n<div style=\"clear:both;\"><\/div>\r\n<\/div><\/div><div class=\"eventgrille\"  style=\"background: #000 url('https:\/\/www.printempscoreen.com\/wp-content\/uploads\/2026\/04\/dancheong-templa.jpg') no-repeat; background-size: cover;\">\r\n<div class=\"eventinfo\">\r\n<div class=\"eventlien\"><a href=\"https:\/\/www.printempscoreen.com\/KO\/events\/couleurs-de-chance-le-lotus-en-dancheong-2\/\"><\/a><\/div>\r\n<span class=\"eventdates\"><span class=\"eventj\">25<\/span> <span class=\"eventm\">May<\/span> <span class=\"eventa\">2026<\/span><\/span> <span class=\"eventheures\">10:30<\/span><br \/>\r\n<span class=\"eventville\">Nantes<\/span> <span class=\"eventrue\"><a href=\"https:\/\/www.printempscoreen.com\/KO\/locations\/espace-international-cosmopolis\/\"><\/a><\/span>\r\n\t<ul class=\"event-categories\">\r\n\t\t\t\t\t<li><a href=\"https:\/\/www.printempscoreen.com\/KO\/events\/categories\/2026\/\">2026<\/a><\/li>\r\n\t\t\t\t\t<li><a href=\"https:\/\/www.printempscoreen.com\/KO\/events\/categories\/2026\/arts-plastiques\/\">Arts-Plastiques<\/a><\/li>\r\n\t\t\t\t\t<li><a href=\"https:\/\/www.printempscoreen.com\/KO\/events\/categories\/2026\/ateliers-2026\/\">Ateliers<\/a><\/li>\r\n\t\t\t<\/ul>\r\n\t\r\n<div style=\"clear:both;\"><\/div>\r\n<\/div><\/div><div class=\"eventgrille\"  style=\"background: #000 url('https:\/\/www.printempscoreen.com\/wp-content\/uploads\/2026\/04\/Kim-Miyoung-ouevre-1.jpg') no-repeat; background-size: cover;\">\r\n<div class=\"eventinfo\">\r\n<div class=\"eventlien\"><a href=\"https:\/\/www.printempscoreen.com\/KO\/events\/tigre-et-la-pie-sur-un-eventail-avec-arum-han-ouli-kim-2\/\"><\/a><\/div>\r\n<span class=\"eventdates\"><span class=\"eventj\">25<\/span> <span class=\"eventm\">May<\/span> <span class=\"eventa\">2026<\/span><\/span> <span class=\"eventheures\">14:00<\/span><br \/>\r\n<span class=\"eventville\">Nantes<\/span> <span class=\"eventrue\"><a href=\"https:\/\/www.printempscoreen.com\/KO\/locations\/espace-international-cosmopolis\/\"><\/a><\/span>\r\n\t<ul class=\"event-categories\">\r\n\t\t\t\t\t<li><a href=\"https:\/\/www.printempscoreen.com\/KO\/events\/categories\/2026\/\">2026<\/a><\/li>\r\n\t\t\t\t\t<li><a href=\"https:\/\/www.printempscoreen.com\/KO\/events\/categories\/2026\/arts-plastiques\/\">Arts-Plastiques<\/a><\/li>\r\n\t\t\t\t\t<li><a href=\"https:\/\/www.printempscoreen.com\/KO\/events\/categories\/2026\/ateliers-2026\/\">Ateliers<\/a><\/li>\r\n\t\t\t<\/ul>\r\n\t\r\n<div style=\"clear:both;\"><\/div>\r\n<\/div><\/div><div class=\"eventgrille\"  style=\"background: #000 url('https:\/\/www.printempscoreen.com\/wp-content\/uploads\/2026\/04\/Kim-Huiwon_concert.jpg') no-repeat; background-size: cover;\">\r\n<div class=\"eventinfo\">\r\n<div class=\"eventlien\"><a href=\"https:\/\/www.printempscoreen.com\/KO\/events\/la-ou-les-voeux-sembrasent-un-rituel-coreen-des-voeux-kim-huiwon\/\"><\/a><\/div>\r\n<span class=\"eventdates\"><span class=\"eventj\">27<\/span> <span class=\"eventm\">May<\/span> <span class=\"eventa\">2026<\/span><\/span> <span class=\"eventheures\">20:00<\/span><br \/>\r\n<span class=\"eventville\">Nantes<\/span> <span class=\"eventrue\"><a href=\"https:\/\/www.printempscoreen.com\/KO\/locations\/espace-international-cosmopolis\/\"><\/a><\/span>\r\n\t<ul class=\"event-categories\">\r\n\t\t\t\t\t<li><a href=\"https:\/\/www.printempscoreen.com\/KO\/events\/categories\/2026\/\">2026<\/a><\/li>\r\n\t\t\t\t\t<li><a href=\"https:\/\/www.printempscoreen.com\/KO\/events\/categories\/2026\/concert-2026\/\">concert<\/a><\/li>\r\n\t\t\t<\/ul>\r\n\t\r\n<div style=\"clear:both;\"><\/div>\r\n<\/div><\/div><div class=\"eventgrille\"  style=\"background: #000 url('https:\/\/www.printempscoreen.com\/wp-content\/uploads\/2026\/04\/Geuru2-1-1-scaled.jpg') no-repeat; background-size: cover;\">\r\n<div class=\"eventinfo\">\r\n<div class=\"eventlien\"><a href=\"https:\/\/www.printempscoreen.com\/KO\/events\/geuru-ensemble-folk-coreen\/\"><\/a><\/div>\r\n<span class=\"eventdates\"><span class=\"eventj\">28<\/span> <span class=\"eventm\">May<\/span> <span class=\"eventa\">2026<\/span><\/span> <span class=\"eventheures\">20:00<\/span><br \/>\r\n<span class=\"eventville\">Nantes<\/span> <span class=\"eventrue\"><a href=\"https:\/\/www.printempscoreen.com\/KO\/locations\/espace-international-cosmopolis\/\"><\/a><\/span>\r\n\t<ul class=\"event-categories\">\r\n\t\t\t\t\t<li><a href=\"https:\/\/www.printempscoreen.com\/KO\/events\/categories\/2026\/\">2026<\/a><\/li>\r\n\t\t\t\t\t<li><a href=\"https:\/\/www.printempscoreen.com\/KO\/events\/categories\/2026\/concert-2026\/\">concert<\/a><\/li>\r\n\t\t\t\t\t<li><a href=\"https:\/\/www.printempscoreen.com\/KO\/events\/categories\/2026\/danse-2026\/\">danse<\/a><\/li>\r\n\t\t\t<\/ul>\r\n\t\r\n<div style=\"clear:both;\"><\/div>\r\n<\/div><\/div><div class=\"eventgrille\"  style=\"background: #000 url('https:\/\/www.printempscoreen.com\/wp-content\/uploads\/2026\/04\/Nanoom.jpg') no-repeat; background-size: cover;\">\r\n<div class=\"eventinfo\">\r\n<div class=\"eventlien\"><a href=\"https:\/\/www.printempscoreen.com\/KO\/events\/nanoom-partage-soiree-coreenne-a-magmaa\/\"><\/a><\/div>\r\n<span class=\"eventdates\"><span class=\"eventj\">29<\/span> <span class=\"eventm\">May<\/span> <span class=\"eventa\">2026<\/span><\/span> <span class=\"eventheures\">18:00<\/span><br \/>\r\n\r\n\t<ul class=\"event-categories\">\r\n\t\t\t\t\t<li><a href=\"https:\/\/www.printempscoreen.com\/KO\/events\/categories\/2026\/\">2026<\/a><\/li>\r\n\t\t\t\t\t<li><a href=\"https:\/\/www.printempscoreen.com\/KO\/events\/categories\/2026\/art-culinaire\/\">Art culinaire<\/a><\/li>\r\n\t\t\t\t\t<li><a href=\"https:\/\/www.printempscoreen.com\/KO\/events\/categories\/2026\/concert-2026\/\">concert<\/a><\/li>\r\n\t\t\t\t\t<li><a href=\"https:\/\/www.printempscoreen.com\/KO\/events\/categories\/2026\/danse-2026\/\">danse<\/a><\/li>\r\n\t\t\t<\/ul>\r\n\t\r\n<div style=\"clear:both;\"><\/div>\r\n<\/div><\/div><\/tbody><\/table>\t<\/div>\r\n<\/div><\/div><\/div><\/div><\/div><\/div><\/section><\/p>","protected":false},"excerpt":{"rendered":"<p>No display<\/p>\n","protected":false},"author":2,"featured_media":2304,"parent":0,"menu_order":0,"comment_status":"closed","ping_status":"closed","template":"","meta":{"footnotes":""},"aioseo_notices":[],"_links":{"self":[{"href":"https:\/\/www.printempscoreen.com\/KO\/wp-json\/wp\/v2\/pages\/1569"}],"collection":[{"href":"https:\/\/www.printempscoreen.com\/KO\/wp-json\/wp\/v2\/pages"}],"about":[{"href":"https:\/\/www.printempscoreen.com\/KO\/wp-json\/wp\/v2\/types\/page"}],"author":[{"embeddable":true,"href":"https:\/\/www.printempscoreen.com\/KO\/wp-json\/wp\/v2\/users\/2"}],"replies":[{"embeddable":true,"href":"https:\/\/www.printempscoreen.com\/KO\/wp-json\/wp\/v2\/comments?post=1569"}],"version-history":[{"count":27,"href":"https:\/\/www.printempscoreen.com\/KO\/wp-json\/wp\/v2\/pages\/1569\/revisions"}],"predecessor-version":[{"id":2597,"href":"https:\/\/www.printempscoreen.com\/KO\/wp-json\/wp\/v2\/pages\/1569\/revisions\/2597"}],"wp:featuredmedia":[{"embeddable":true,"href":"https:\/\/www.printempscoreen.com\/KO\/wp-json\/wp\/v2\/media\/2304"}],"wp:attachment":[{"href":"https:\/\/www.printempscoreen.com\/KO\/wp-json\/wp\/v2\/media?parent=1569"}],"curies":[{"name":"wp","href":"https:\/\/api.w.org\/{rel}","templated":true}]}}