{"id":2512,"date":"2026-02-07T09:38:57","date_gmt":"2026-02-07T08:38:57","guid":{"rendered":"https:\/\/www.printempscoreen.com\/?page_id=2512"},"modified":"2026-02-07T09:39:00","modified_gmt":"2026-02-07T08:39:00","slug":"k-pop-world-festival-2","status":"publish","type":"page","link":"https:\/\/www.printempscoreen.com\/KO\/k-pop-world-festival-2\/","title":{"rendered":"K-"},"content":{"rendered":"<p><\/a><\/div>\r\n<span class=\"eventdates\"><span class=\"eventj\">6<\/span> <span class=\"eventm\">May<\/span> <span class=\"eventa\">2026<\/span><\/span> <span class=\"eventheures\">18:00<\/span><br \/>\r\n<span class=\"eventville\">Nantes<\/span> <span class=\"eventrue\"><a href=\"https:\/\/www.printempscoreen.com\/KO\/locations\/salle-paul-fort\/\"><\/a><\/span>\r\n\t<ul class=\"event-categories\">\r\n\t\t\t\t\t<li><a href=\"https:\/\/www.printempscoreen.com\/KO\/events\/categories\/2026\/\">2026<\/a><\/li>\r\n\t\t\t\t\t<li><a href=\"https:\/\/www.printempscoreen.com\/KO\/events\/categories\/2026\/concert-2026\/\">concert<\/a><\/li>\r\n\t\t\t<\/ul>\r\n\t\r\n<div style=\"clear:both;\"><\/div>\r\n<\/div><\/div><div class=\"eventgrille\"  style=\"background: #000 url('https:\/\/www.printempscoreen.com\/wp-content\/uploads\/2026\/04\/pahdahn-web.jpg') no-repeat; background-size: cover;\">\r\n<div class=\"eventinfo\">\r\n<div class=\"eventlien\"><a href=\"https:\/\/www.printempscoreen.com\/KO\/events\/vernissage-expositions-musee-de-la-teinture-de-naju-concert-avec-pahdahn\/\"><\/a><\/div>\r\n<span class=\"eventdates\"><span class=\"eventj\">7<\/span> <span class=\"eventm\">May<\/span> <span class=\"eventa\">2026<\/span><\/span> <span class=\"eventheures\">18:00<\/span><br \/>\r\n<span class=\"eventville\">Nantes<\/span> <span class=\"eventrue\"><a href=\"https:\/\/www.printempscoreen.com\/KO\/locations\/espace-international-cosmopolis\/\"><\/a><\/span>\r\n\t<ul class=\"event-categories\">\r\n\t\t\t\t\t<li><a href=\"https:\/\/www.printempscoreen.com\/KO\/events\/categories\/2026\/\">2026<\/a><\/li>\r\n\t\t\t\t\t<li><a href=\"https:\/\/www.printempscoreen.com\/KO\/events\/categories\/2026\/concert-2026\/\">concert<\/a><\/li>\r\n\t\t\t<\/ul>\r\n\t\r\n<div style=\"clear:both;\"><\/div>\r\n<\/div><\/div><div class=\"eventgrille\"  style=\"background: #000 url('https:\/\/www.printempscoreen.com\/wp-content\/uploads\/2026\/04\/Naju-mode-_groupe-filles-scaled.jpg') no-repeat; background-size: cover;\">\r\n<div class=\"eventinfo\">\r\n<div class=\"eventlien\"><a href=\"https:\/\/www.printempscoreen.com\/KO\/events\/nuit-royale-de-coree-elegance-saveurs-et-musique\/\"><\/a><\/div>\r\n<span class=\"eventdates\"><span class=\"eventj\">8<\/span> <span class=\"eventm\">May<\/span> <span class=\"eventa\">2026<\/span><\/span> <span class=\"eventheures\">19:00<\/span><br \/>\r\n<span class=\"eventville\">NANTES<\/span> <span class=\"eventrue\"><a href=\"https:\/\/www.printempscoreen.com\/KO\/locations\/salon-mauduit\/\">Salon Mauduit<\/a><\/span>\r\n\t<ul class=\"event-categories\">\r\n\t\t\t\t\t<li><a href=\"https:\/\/www.printempscoreen.com\/KO\/events\/categories\/2026\/\">2026<\/a><\/li>\r\n\t\t\t\t\t<li><a href=\"https:\/\/www.printempscoreen.com\/KO\/events\/categories\/2026\/concert-2026\/\">concert<\/a><\/li>\r\n\t\t\t\t\t<li><a href=\"https:\/\/www.printempscoreen.com\/KO\/events\/categories\/2018\/evenement-special\/\">Ev\u00e9nement sp\u00e9cial<\/a><\/li>\r\n\t\t\t<\/ul>\r\n\t\r\n<div style=\"clear:both;\"><\/div>\r\n<\/div><\/div><div class=\"eventgrille\"  style=\"background: #000 url('https:\/\/www.printempscoreen.com\/wp-content\/uploads\/2026\/04\/Duo-Hong-Park-scaled.jpg') no-repeat; background-size: cover;\">\r\n<div class=\"eventinfo\">\r\n<div class=\"eventlien\"><a href=\"https:\/\/www.printempscoreen.com\/KO\/events\/deux-souffles-une-resonance-le-noble-et-le-populaire\/\"><\/a><\/div>\r\n<span class=\"eventdates\"><span class=\"eventj\">9<\/span> <span class=\"eventm\">May<\/span> <span class=\"eventa\">2026<\/span><\/span> <span class=\"eventheures\">20:00<\/span><br \/>\r\n<span class=\"eventville\">Nantes<\/span> <span class=\"eventrue\"><a href=\"https:\/\/www.printempscoreen.com\/KO\/locations\/espace-international-cosmopolis\/\"><\/a><\/span>\r\n\t<ul class=\"event-categories\">\r\n\t\t\t\t\t<li><a href=\"https:\/\/www.printempscoreen.com\/KO\/events\/categories\/2026\/\">2026<\/a><\/li>\r\n\t\t\t\t\t<li><a href=\"https:\/\/www.printempscoreen.com\/KO\/events\/categories\/2026\/concert-2026\/\">concert<\/a><\/li>\r\n\t\t\t<\/ul>\r\n\t\r\n<div style=\"clear:both;\"><\/div>\r\n<\/div><\/div><div class=\"eventgrille\"  style=\"background: #000 url('https:\/\/www.printempscoreen.com\/wp-content\/uploads\/2026\/04\/Moon-Hyung-hee.jpg') no-repeat; background-size: cover;\">\r\n<div class=\"eventinfo\">\r\n<div class=\"eventlien\"><a href=\"https:\/\/www.printempscoreen.com\/KO\/events\/heritages-de-la-musique-traditionnelle-coreenne-du-xvie-au-xxe\/\">H\u00e9ritages de la musique traditionnelle cor\u00e9enne  du XVI\u00e8 au XX\u00e8<\/a><\/div>\r\n<span class=\"eventdates\"><span class=\"eventj\">10<\/span> <span class=\"eventm\">May<\/span> <span class=\"eventa\">2026<\/span><\/span> <span class=\"eventheures\">16:00<\/span><br \/>\r\n<span class=\"eventville\">Nantes<\/span> <span class=\"eventrue\"><a href=\"https:\/\/www.printempscoreen.com\/KO\/locations\/espace-international-cosmopolis\/\"><\/a><\/span>\r\n\t<ul class=\"event-categories\">\r\n\t\t\t\t\t<li><a href=\"https:\/\/www.printempscoreen.com\/KO\/events\/categories\/2026\/\">2026<\/a><\/li>\r\n\t\t\t\t\t<li><a href=\"https:\/\/www.printempscoreen.com\/KO\/events\/categories\/2026\/concert-2026\/\">concert<\/a><\/li>\r\n\t\t\t<\/ul>\r\n\t\r\n<div style=\"clear:both;\"><\/div>\r\n<\/div><\/div><div class=\"eventgrille\"  style=\"background: #000 url('https:\/\/www.printempscoreen.com\/wp-content\/uploads\/2026\/04\/140_logos_FR_White_Horizontal_CF.png') no-repeat; background-size: cover;\">\r\n<div class=\"eventinfo\">\r\n<div class=\"eventlien\"><a href=\"https:\/\/www.printempscoreen.com\/KO\/events\/rencontre-avec-pierre-emmanuel-roux-et-stephanie-bouillet-atelier-des-cahiers\/\">H\u00e9ritages de la musique traditionnelle cor\u00e9enne  du XVI\u00e8 au XX\u00e8<\/a><\/div>\r\n<span class=\"eventdates\"><span class=\"eventj\">16<\/span> <span class=\"eventm\">May<\/span> <span class=\"eventa\">2026<\/span><\/span> <span class=\"eventheures\">16:00<\/span><br \/>\r\n<span class=\"eventville\">Nantes<\/span> <span class=\"eventrue\"><a href=\"https:\/\/www.printempscoreen.com\/KO\/locations\/espace-international-cosmopolis\/\"><\/a><\/span>\r\n\t<ul class=\"event-categories\">\r\n\t\t\t\t\t<li><a href=\"https:\/\/www.printempscoreen.com\/KO\/events\/categories\/2026\/\">2026<\/a><\/li>\r\n\t\t\t\t\t<li><a href=\"https:\/\/www.printempscoreen.com\/KO\/events\/categories\/2026\/concert-2026\/\">concert<\/a><\/li>\r\n\t\t\t<\/ul>\r\n\t\r\n<div style=\"clear:both;\"><\/div>\r\n<\/div><\/div><div class=\"eventgrille\"  style=\"background: #000 url('https:\/\/www.printempscoreen.com\/wp-content\/uploads\/2025\/01\/ArchitectA_3-scaled.jpg') no-repeat; background-size: cover;\">\r\n<div class=\"eventinfo\">\r\n<div class=\"eventlien\"><a href=\"https:\/\/www.printempscoreen.com\/KO\/events\/cine-concert-la-nuit-etoilee-un-jardin-pres-de-la-fenetre-et-architect-a-2\/\"><\/a><\/div>\r\n<span class=\"eventdates\"><span class=\"eventj\">17<\/span> <span class=\"eventm\">May<\/span> <span class=\"eventa\">2026<\/span><\/span> <span class=\"eventheures\">17:00<\/span><br \/>\r\n<span class=\"eventville\">Nantes<\/span> <span class=\"eventrue\"><a href=\"https:\/\/www.printempscoreen.com\/KO\/locations\/espace-international-cosmopolis\/\"><\/a><\/span>\r\n\t<ul class=\"event-categories\">\r\n\t\t\t\t\t<li><a href=\"https:\/\/www.printempscoreen.com\/KO\/events\/categories\/2026\/\">2026<\/a><\/li>\r\n\t\t\t\t\t<li><a href=\"https:\/\/www.printempscoreen.com\/KO\/events\/categories\/2026\/cinema-2026\/\">Cin\u00e9ma<\/a><\/li>\r\n\t\t\t<\/ul>\r\n\t\r\n<div style=\"clear:both;\"><\/div>\r\n<\/div><\/div><\/tbody><\/table>\t<\/div>\r\n<\/div><\/div><\/div><\/div><\/div><\/div><\/section><\/p>","protected":false},"excerpt":{"rendered":"<p>No display<\/p>\n","protected":false},"author":2,"featured_media":2304,"parent":0,"menu_order":0,"comment_status":"closed","ping_status":"closed","template":"","meta":{"footnotes":""},"aioseo_notices":[],"_links":{"self":[{"href":"https:\/\/www.printempscoreen.com\/KO\/wp-json\/wp\/v2\/pages\/2512"}],"collection":[{"href":"https:\/\/www.printempscoreen.com\/KO\/wp-json\/wp\/v2\/pages"}],"about":[{"href":"https:\/\/www.printempscoreen.com\/KO\/wp-json\/wp\/v2\/types\/page"}],"author":[{"embeddable":true,"href":"https:\/\/www.printempscoreen.com\/KO\/wp-json\/wp\/v2\/users\/2"}],"replies":[{"embeddable":true,"href":"https:\/\/www.printempscoreen.com\/KO\/wp-json\/wp\/v2\/comments?post=2512"}],"version-history":[{"count":7,"href":"https:\/\/www.printempscoreen.com\/KO\/wp-json\/wp\/v2\/pages\/2512\/revisions"}],"predecessor-version":[{"id":2519,"href":"https:\/\/www.printempscoreen.com\/KO\/wp-json\/wp\/v2\/pages\/2512\/revisions\/2519"}],"wp:featuredmedia":[{"embeddable":true,"href":"https:\/\/www.printempscoreen.com\/KO\/wp-json\/wp\/v2\/media\/2304"}],"wp:attachment":[{"href":"https:\/\/www.printempscoreen.com\/KO\/wp-json\/wp\/v2\/media?parent=2512"}],"curies":[{"name":"wp","href":"https:\/\/api.w.org\/{rel}","templated":true}]}}