{"id":34,"date":"2018-03-01T11:48:45","date_gmt":"2018-03-01T10:48:45","guid":{"rendered":"https:\/\/www.printempscoreen.com\/?page_id=34"},"modified":"2018-04-19T11:39:52","modified_gmt":"2018-04-19T09:39:52","slug":"contact","status":"publish","type":"page","link":"https:\/\/www.printempscoreen.com\/KO\/contact\/","title":{"rendered":"Contact"},"content":{"rendered":"<section class=\"kc-elm kc-css-144184 kc_row\"><div class=\"kc-row-container  kc-container\"><div class=\"kc-wrap-columns\"><div class=\"kc-elm kc-css-660420 kc_col-sm-12 kc_column kc_col-sm-12\"><div class=\"kc-col-container\">\n<div class=\"kc-elm kc-css-67236 kc-title-wrap \">\n\n\t<h1 class=\"kc_title\">Contact<\/h1>\n<\/div>\n<div class=\"kc-elm kc-css-121464 kc-raw-code\">\n<div class=\"wpcf7 no-js\" id=\"wpcf7-f26-o1\" lang=\"fr-FR\" dir=\"ltr\">\n<div class=\"screen-reader-response\"><p role=\"status\" aria-live=\"polite\" aria-atomic=\"true\"><\/p> <ul><\/ul><\/div>\n<form action=\"\/KO\/wp-json\/wp\/v2\/pages\/34#wpcf7-f26-o1\" method=\"post\" class=\"wpcf7-form init\" aria-label=\"Contact form\" novalidate=\"novalidate\" data-status=\"init\">\n<div style=\"display: none;\">\n<input type=\"hidden\" name=\"_wpcf7\" value=\"26\" \/>\n<input type=\"hidden\" name=\"_wpcf7_version\" value=\"5.9.6\" \/>\n<input type=\"hidden\" name=\"_wpcf7_locale\" value=\"fr_FR\" \/>\n<input type=\"hidden\" name=\"_wpcf7_unit_tag\" value=\"wpcf7-f26-o1\" \/>\n<input type=\"hidden\" name=\"_wpcf7_container_post\" value=\"0\" \/>\n<input type=\"hidden\" name=\"_wpcf7_posted_data_hash\" value=\"\" \/>\n<\/div>\n<p><label> Votre nom *(obligatoire)<br \/>\n<span class=\"wpcf7-form-control-wrap\" data-name=\"your-name\"><input size=\"40\" maxlength=\"80\" class=\"wpcf7-form-control wpcf7-text wpcf7-validates-as-required\" aria-required=\"true\" aria-invalid=\"false\" value=\"\" type=\"text\" name=\"your-name\" \/><\/span> <\/label>\n<\/p>\n<p><label> Votre adresse de messagerie *<br \/>\n<span class=\"wpcf7-form-control-wrap\" data-name=\"your-email\"><input size=\"40\" maxlength=\"80\" class=\"wpcf7-form-control wpcf7-email wpcf7-validates-as-required wpcf7-text wpcf7-validates-as-email\" aria-required=\"true\" aria-invalid=\"false\" value=\"\" type=\"email\" name=\"your-email\" \/><\/span> <\/label>\n<\/p>\n<p><label> Objet<br \/>\n<span class=\"wpcf7-form-control-wrap\" data-name=\"your-subject\"><input size=\"40\" maxlength=\"80\" class=\"wpcf7-form-control wpcf7-text\" aria-invalid=\"false\" value=\"\" type=\"text\" name=\"your-subject\" \/><\/span> <\/label>\n<\/p>\n<p><label> Votre message<br \/>\n<span class=\"wpcf7-form-control-wrap\" data-name=\"your-message\"><textarea cols=\"40\" rows=\"10\" maxlength=\"400\" class=\"wpcf7-form-control wpcf7-textarea\" aria-invalid=\"false\" name=\"your-message\"><\/textarea><\/span> <\/label>\n<\/p>\n<p>* obligatoire\n<\/p>\n<p>Les informations recueillies \u00e0 partir de ce formulaire dont le champ de saisie est suivi d\u2019un ast\u00e9risque sont n\u00e9cessaires au traitement de votre demande. En revanche, les informations dont le champ de saisie n\u2019est pas suivi d\u2019un ast\u00e9risque sont facultatives et sans cons\u00e9quence pour l\u2019examen de votre demande. Ces informations sont transmises exclusivement aux personnes habilit\u00e9es de l'association le Printemps Cor\u00e9en et sont conserv\u00e9es pour une dur\u00e9e qui ne saurait exc\u00e9der 24 mois. Conform\u00e9ment \u00e0 la Loi Informatique et Libert\u00e9s, vous disposez d\u2019un droit d\u2019acc\u00e8s, de rectification et d\u2019opposition aux donn\u00e9es vous concernant, que vous pouvez exercer en adressant une demande par ce formulaire ou par courrier \u00e0 l\u2019adresse postale indiqu\u00e9e dans le paragraphe I. de notre politique de confidentialit\u00e9 et d\u2019utilisation des cookies.\n<\/p><div class=\"wpcf7-response-output\" aria-hidden=\"true\"><\/div>\n<\/form>\n<\/div>\n<\/div><\/div><\/div><\/div><\/div><\/section>\n","protected":false},"excerpt":{"rendered":"","protected":false},"author":1,"featured_media":0,"parent":0,"menu_order":0,"comment_status":"closed","ping_status":"closed","template":"","meta":{"footnotes":""},"aioseo_notices":[],"_links":{"self":[{"href":"https:\/\/www.printempscoreen.com\/KO\/wp-json\/wp\/v2\/pages\/34"}],"collection":[{"href":"https:\/\/www.printempscoreen.com\/KO\/wp-json\/wp\/v2\/pages"}],"about":[{"href":"https:\/\/www.printempscoreen.com\/KO\/wp-json\/wp\/v2\/types\/page"}],"author":[{"embeddable":true,"href":"https:\/\/www.printempscoreen.com\/KO\/wp-json\/wp\/v2\/users\/1"}],"replies":[{"embeddable":true,"href":"https:\/\/www.printempscoreen.com\/KO\/wp-json\/wp\/v2\/comments?post=34"}],"version-history":[{"count":4,"href":"https:\/\/www.printempscoreen.com\/KO\/wp-json\/wp\/v2\/pages\/34\/revisions"}],"predecessor-version":[{"id":216,"href":"https:\/\/www.printempscoreen.com\/KO\/wp-json\/wp\/v2\/pages\/34\/revisions\/216"}],"wp:attachment":[{"href":"https:\/\/www.printempscoreen.com\/KO\/wp-json\/wp\/v2\/media?parent=34"}],"curies":[{"name":"wp","href":"https:\/\/api.w.org\/{rel}","templated":true}]}}