{"id":538,"date":"2019-03-13T16:34:32","date_gmt":"2019-03-13T15:34:32","guid":{"rendered":"https:\/\/www.printempscoreen.com\/?page_id=538"},"modified":"2021-05-19T15:44:44","modified_gmt":"2021-05-19T13:44:44","slug":"programme","status":"publish","type":"page","link":"https:\/\/www.printempscoreen.com\/KO\/programme\/","title":{"rendered":"Programme"},"content":{"rendered":"<p><\/a><\/div>\r\n<span class=\"eventdates\"><span class=\"eventj\">6<\/span> <span class=\"eventm\">May<\/span> <span class=\"eventa\">2026<\/span><\/span> <span class=\"eventheures\">18:00<\/span><br \/>\r\n<span class=\"eventville\">Nantes<\/span> <span class=\"eventrue\"><a href=\"https:\/\/www.printempscoreen.com\/KO\/locations\/salle-paul-fort\/\"><\/a><\/span>\r\n\t<ul class=\"event-categories\">\r\n\t\t\t\t\t<li><a href=\"https:\/\/www.printempscoreen.com\/KO\/events\/categories\/2026\/\">2026<\/a><\/li>\r\n\t\t\t\t\t<li><a href=\"https:\/\/www.printempscoreen.com\/KO\/events\/categories\/2026\/concert-2026\/\">concert<\/a><\/li>\r\n\t\t\t<\/ul>\r\n\t\r\n<div style=\"clear:both;\"><\/div>\r\n<\/div><\/div><div class=\"eventgrille\"  style=\"background: #000 url('https:\/\/www.printempscoreen.com\/wp-content\/uploads\/2026\/04\/pahdahn-web.jpg') no-repeat; background-size: cover;\">\r\n<div class=\"eventinfo\">\r\n<div class=\"eventlien\"><a href=\"https:\/\/www.printempscoreen.com\/KO\/events\/vernissage-expositions-musee-de-la-teinture-de-naju-concert-avec-pahdahn\/\"><\/a><\/div>\r\n<span class=\"eventdates\"><span class=\"eventj\">7<\/span> <span class=\"eventm\">May<\/span> <span class=\"eventa\">2026<\/span><\/span> <span class=\"eventheures\">18:00<\/span><br \/>\r\n<span class=\"eventville\">Nantes<\/span> <span class=\"eventrue\"><a href=\"https:\/\/www.printempscoreen.com\/KO\/locations\/espace-international-cosmopolis\/\"><\/a><\/span>\r\n\t<ul class=\"event-categories\">\r\n\t\t\t\t\t<li><a href=\"https:\/\/www.printempscoreen.com\/KO\/events\/categories\/2026\/\">2026<\/a><\/li>\r\n\t\t\t\t\t<li><a href=\"https:\/\/www.printempscoreen.com\/KO\/events\/categories\/2026\/concert-2026\/\">concert<\/a><\/li>\r\n\t\t\t<\/ul>\r\n\t\r\n<div style=\"clear:both;\"><\/div>\r\n<\/div><\/div><div class=\"eventgrille\"  style=\"background: #000 url('https:\/\/www.printempscoreen.com\/wp-content\/uploads\/2026\/04\/Naju-mode-_groupe-filles-scaled.jpg') no-repeat; background-size: cover;\">\r\n<div class=\"eventinfo\">\r\n<div class=\"eventlien\"><a href=\"https:\/\/www.printempscoreen.com\/KO\/events\/nuit-royale-de-coree-elegance-saveurs-et-musique\/\"><\/a><\/div>\r\n<span class=\"eventdates\"><span class=\"eventj\">8<\/span> <span class=\"eventm\">May<\/span> <span class=\"eventa\">2026<\/span><\/span> <span class=\"eventheures\">19:00<\/span><br \/>\r\n<span class=\"eventville\">NANTES<\/span> <span class=\"eventrue\"><a href=\"https:\/\/www.printempscoreen.com\/KO\/locations\/salon-mauduit\/\">Salon Mauduit<\/a><\/span>\r\n\t<ul class=\"event-categories\">\r\n\t\t\t\t\t<li><a href=\"https:\/\/www.printempscoreen.com\/KO\/events\/categories\/2026\/\">2026<\/a><\/li>\r\n\t\t\t\t\t<li><a href=\"https:\/\/www.printempscoreen.com\/KO\/events\/categories\/2026\/concert-2026\/\">concert<\/a><\/li>\r\n\t\t\t\t\t<li><a href=\"https:\/\/www.printempscoreen.com\/KO\/events\/categories\/2018\/evenement-special\/\">Ev\u00e9nement sp\u00e9cial<\/a><\/li>\r\n\t\t\t<\/ul>\r\n\t\r\n<div style=\"clear:both;\"><\/div>\r\n<\/div><\/div><div class=\"eventgrille\"  style=\"background: #000 url('https:\/\/www.printempscoreen.com\/wp-content\/uploads\/2026\/04\/Duo-Hong-Park-scaled.jpg') no-repeat; background-size: cover;\">\r\n<div class=\"eventinfo\">\r\n<div class=\"eventlien\"><a href=\"https:\/\/www.printempscoreen.com\/KO\/events\/deux-souffles-une-resonance-le-noble-et-le-populaire\/\"><\/a><\/div>\r\n<span class=\"eventdates\"><span class=\"eventj\">9<\/span> <span class=\"eventm\">May<\/span> <span class=\"eventa\">2026<\/span><\/span> <span class=\"eventheures\">20:00<\/span><br \/>\r\n<span class=\"eventville\">Nantes<\/span> <span class=\"eventrue\"><a href=\"https:\/\/www.printempscoreen.com\/KO\/locations\/espace-international-cosmopolis\/\"><\/a><\/span>\r\n\t<ul class=\"event-categories\">\r\n\t\t\t\t\t<li><a href=\"https:\/\/www.printempscoreen.com\/KO\/events\/categories\/2026\/\">2026<\/a><\/li>\r\n\t\t\t\t\t<li><a href=\"https:\/\/www.printempscoreen.com\/KO\/events\/categories\/2026\/concert-2026\/\">concert<\/a><\/li>\r\n\t\t\t<\/ul>\r\n\t\r\n<div style=\"clear:both;\"><\/div>\r\n<\/div><\/div><div class=\"eventgrille\"  style=\"background: #000 url('https:\/\/www.printempscoreen.com\/wp-content\/uploads\/2026\/04\/Moon-Hyung-hee.jpg') no-repeat; background-size: cover;\">\r\n<div class=\"eventinfo\">\r\n<div class=\"eventlien\"><a href=\"https:\/\/www.printempscoreen.com\/KO\/events\/heritages-de-la-musique-traditionnelle-coreenne-du-xvie-au-xxe\/\">H\u00e9ritages de la musique traditionnelle cor\u00e9enne  du XVI\u00e8 au XX\u00e8<\/a><\/div>\r\n<span class=\"eventdates\"><span class=\"eventj\">10<\/span> <span class=\"eventm\">May<\/span> <span class=\"eventa\">2026<\/span><\/span> <span class=\"eventheures\">16:00<\/span><br \/>\r\n<span class=\"eventville\">Nantes<\/span> <span class=\"eventrue\"><a href=\"https:\/\/www.printempscoreen.com\/KO\/locations\/espace-international-cosmopolis\/\"><\/a><\/span>\r\n\t<ul class=\"event-categories\">\r\n\t\t\t\t\t<li><a href=\"https:\/\/www.printempscoreen.com\/KO\/events\/categories\/2026\/\">2026<\/a><\/li>\r\n\t\t\t\t\t<li><a href=\"https:\/\/www.printempscoreen.com\/KO\/events\/categories\/2026\/concert-2026\/\">concert<\/a><\/li>\r\n\t\t\t<\/ul>\r\n\t\r\n<div style=\"clear:both;\"><\/div>\r\n<\/div><\/div><div class=\"eventgrille\"  style=\"background: #000 url('https:\/\/www.printempscoreen.com\/wp-content\/uploads\/2026\/04\/140_logos_FR_White_Horizontal_CF.png') no-repeat; background-size: cover;\">\r\n<div class=\"eventinfo\">\r\n<div class=\"eventlien\"><a href=\"https:\/\/www.printempscoreen.com\/KO\/events\/rencontre-avec-pierre-emmanuel-roux-et-stephanie-bouillet-atelier-des-cahiers\/\">H\u00e9ritages de la musique traditionnelle cor\u00e9enne  du XVI\u00e8 au XX\u00e8<\/a><\/div>\r\n<span class=\"eventdates\"><span class=\"eventj\">16<\/span> <span class=\"eventm\">May<\/span> <span class=\"eventa\">2026<\/span><\/span> <span class=\"eventheures\">16:00<\/span><br \/>\r\n<span class=\"eventville\">Nantes<\/span> <span class=\"eventrue\"><a href=\"https:\/\/www.printempscoreen.com\/KO\/locations\/espace-international-cosmopolis\/\"><\/a><\/span>\r\n\t<ul class=\"event-categories\">\r\n\t\t\t\t\t<li><a href=\"https:\/\/www.printempscoreen.com\/KO\/events\/categories\/2026\/\">2026<\/a><\/li>\r\n\t\t\t\t\t<li><a href=\"https:\/\/www.printempscoreen.com\/KO\/events\/categories\/2026\/concert-2026\/\">concert<\/a><\/li>\r\n\t\t\t<\/ul>\r\n\t\r\n<div style=\"clear:both;\"><\/div>\r\n<\/div><\/div><div class=\"eventgrille\"  style=\"background: #000 url('https:\/\/www.printempscoreen.com\/wp-content\/uploads\/2025\/01\/ArchitectA_3-scaled.jpg') no-repeat; background-size: cover;\">\r\n<div class=\"eventinfo\">\r\n<div class=\"eventlien\"><a href=\"https:\/\/www.printempscoreen.com\/KO\/events\/cine-concert-la-nuit-etoilee-un-jardin-pres-de-la-fenetre-et-architect-a-2\/\"><\/a><\/div>\r\n<span class=\"eventdates\"><span class=\"eventj\">17<\/span> <span class=\"eventm\">May<\/span> <span class=\"eventa\">2026<\/span><\/span> <span class=\"eventheures\">17:00<\/span><br \/>\r\n<span class=\"eventville\">Nantes<\/span> <span class=\"eventrue\"><a href=\"https:\/\/www.printempscoreen.com\/KO\/locations\/espace-international-cosmopolis\/\"><\/a><\/span>\r\n\t<ul class=\"event-categories\">\r\n\t\t\t\t\t<li><a href=\"https:\/\/www.printempscoreen.com\/KO\/events\/categories\/2026\/\">2026<\/a><\/li>\r\n\t\t\t\t\t<li><a href=\"https:\/\/www.printempscoreen.com\/KO\/events\/categories\/2026\/cinema-2026\/\">Cin\u00e9ma<\/a><\/li>\r\n\t\t\t<\/ul>\r\n\t\r\n<div style=\"clear:both;\"><\/div>\r\n<\/div><\/div><\/tbody><\/table>\t<\/div>\r\n<\/div><\/div><\/div><\/div><\/div><\/div><\/section><\/p>\n<style type=\"text\/css\">body.kc-css-system .kc-css-42340 .kc-container{max-width: 1100px;}body.kc-css-system .kc-css-42340{margin-right: auto;margin-left: auto;}body.kc-css-system .kc-css-1620439{padding-top: 100px;padding-bottom: 100px;}body.kc-css-system .kc-css-956651.kc_title,body.kc-css-system .kc-css-956651 .kc_title,body.kc-css-system .kc-css-956651 .kc_title a.kc_title_link{color: #f7a700;font-size: 41px;text-align: center;}body.kc-css-system .kc-css-201262 .kc-container{max-width: 1100px;}body.kc-css-system .kc-css-201262{margin-right: auto;margin-left: auto;}body.kc-css-system .kc-css-3161774{padding-top: 100px;padding-bottom: 100px;}body.kc-css-system .kc-css-4300586.kc_title,body.kc-css-system .kc-css-4300586 .kc_title,body.kc-css-system .kc-css-4300586 .kc_title a.kc_title_link{color: #f7a700;font-size: 41px;text-align: center;}<\/style>\n<section class=\"kc-elm kc-css-201262 kc_row\">\n<div class=\"kc-row-container  kc-container\">\n<div class=\"kc-wrap-columns\">\n<div class=\"kc-elm kc-css-3161774 kc_col-sm-12 kc_column kc_col-sm-12\">\n<div class=\"kc-col-container\">\n<div class=\"kc-elm kc-css-4300586 kc-title-wrap \">\n<h1 class=\"kc_title\">\ud504\ub85c\uadf8\ub7a8<\/h1>\n<\/div>\n<div class=\"kc-elm kc-css-1830331 kc-raw-code\"><\/div>\n<\/div>\n<\/div>\n<\/div>\n<\/div>\n<\/section>\n<p><\/p>","protected":false},"excerpt":{"rendered":"<p>\ud504\ub85c\uadf8\ub7a8<\/p>\n","protected":false},"author":1,"featured_media":0,"parent":0,"menu_order":0,"comment_status":"closed","ping_status":"closed","template":"","meta":{"footnotes":""},"aioseo_notices":[],"_links":{"self":[{"href":"https:\/\/www.printempscoreen.com\/KO\/wp-json\/wp\/v2\/pages\/538"}],"collection":[{"href":"https:\/\/www.printempscoreen.com\/KO\/wp-json\/wp\/v2\/pages"}],"about":[{"href":"https:\/\/www.printempscoreen.com\/KO\/wp-json\/wp\/v2\/types\/page"}],"author":[{"embeddable":true,"href":"https:\/\/www.printempscoreen.com\/KO\/wp-json\/wp\/v2\/users\/1"}],"replies":[{"embeddable":true,"href":"https:\/\/www.printempscoreen.com\/KO\/wp-json\/wp\/v2\/comments?post=538"}],"version-history":[{"count":6,"href":"https:\/\/www.printempscoreen.com\/KO\/wp-json\/wp\/v2\/pages\/538\/revisions"}],"predecessor-version":[{"id":1212,"href":"https:\/\/www.printempscoreen.com\/KO\/wp-json\/wp\/v2\/pages\/538\/revisions\/1212"}],"wp:attachment":[{"href":"https:\/\/www.printempscoreen.com\/KO\/wp-json\/wp\/v2\/media?parent=538"}],"curies":[{"name":"wp","href":"https:\/\/api.w.org\/{rel}","templated":true}]}}